{"id":10,"date":"2018-02-25T11:12:30","date_gmt":"2018-02-25T09:12:30","guid":{"rendered":"http:\/\/jokelanomakotiyhdistys.fi\/?page_id=10"},"modified":"2018-12-30T19:25:00","modified_gmt":"2018-12-30T17:25:00","slug":"hallitus-2018","status":"publish","type":"page","link":"https:\/\/jokelanomakotiyhdistys.fi\/?page_id=10","title":{"rendered":"Hallitus 2017-2018"},"content":{"rendered":"<p>Vuoden 2017 syyskokouksessa, hallituksen kokoonpanoksi muodostui seuraava, kaudelle 2017-2018:<\/p>\n<table>\n<tbody>\n<tr>\n<td>Puheenjohtaja:<\/td>\n<td>Jan Enlund<\/td>\n<td>puheenjohtaja(at)jokelanomakotiyhdistys.fi<\/td>\n<td>Puh.<br \/>\n04083071781<\/td>\n<\/tr>\n<tr>\n<td>Sihteeri:<\/td>\n<td>Raimo Kosonen<\/td>\n<td>sihteeri@jokelanomakotiyhdistys.fi<\/td>\n<td><\/td>\n<\/tr>\n<tr>\n<td>Varapuheenjohtaja:<\/td>\n<td>Lasse Laaksonen<\/td>\n<td><\/td>\n<td><\/td>\n<\/tr>\n<tr>\n<td>Rahastonhoitaja<\/td>\n<td>Harri K\u00e4m\u00e4r\u00e4inen<\/td>\n<td>rahastonhoitaja@jokelanomakotiyhdistys.fi<\/td>\n<td>Puh.<br \/>\n0207920350<\/td>\n<\/tr>\n<tr>\n<td>J\u00e4senet:<\/td>\n<td>Isko Toiviainen<\/td>\n<td><\/td>\n<td><\/td>\n<\/tr>\n<tr>\n<td><\/td>\n<td>Leena Haatainen<\/td>\n<td><\/td>\n<td><\/td>\n<\/tr>\n<tr>\n<td>Hallitus<\/td>\n<td><\/td>\n<td>hallitus@jokelanomakotiyhdistys.fi<\/td>\n<td><\/td>\n<\/tr>\n<\/tbody>\n<\/table>\n","protected":false},"excerpt":{"rendered":"<p>Vuoden 2017 syyskokouksessa, hallituksen kokoonpanoksi muodostui seuraava, kaudelle 2017-2018: Puheenjohtaja: Jan Enlund puheenjohtaja(at)jokelanomakotiyhdistys.fi Puh. 04083071781 Sihteeri: Raimo Kosonen sihteeri@jokelanomakotiyhdistys.fi Varapuheenjohtaja:&hellip;<\/p>\n","protected":false},"author":1,"featured_media":0,"parent":0,"menu_order":0,"comment_status":"closed","ping_status":"closed","template":"","meta":{"footnotes":""},"class_list":["post-10","page","type-page","status-publish","hentry"],"_links":{"self":[{"href":"https:\/\/jokelanomakotiyhdistys.fi\/index.php?rest_route=\/wp\/v2\/pages\/10","targetHints":{"allow":["GET"]}}],"collection":[{"href":"https:\/\/jokelanomakotiyhdistys.fi\/index.php?rest_route=\/wp\/v2\/pages"}],"about":[{"href":"https:\/\/jokelanomakotiyhdistys.fi\/index.php?rest_route=\/wp\/v2\/types\/page"}],"author":[{"embeddable":true,"href":"https:\/\/jokelanomakotiyhdistys.fi\/index.php?rest_route=\/wp\/v2\/users\/1"}],"replies":[{"embeddable":true,"href":"https:\/\/jokelanomakotiyhdistys.fi\/index.php?rest_route=%2Fwp%2Fv2%2Fcomments&post=10"}],"version-history":[{"count":7,"href":"https:\/\/jokelanomakotiyhdistys.fi\/index.php?rest_route=\/wp\/v2\/pages\/10\/revisions"}],"predecessor-version":[{"id":147,"href":"https:\/\/jokelanomakotiyhdistys.fi\/index.php?rest_route=\/wp\/v2\/pages\/10\/revisions\/147"}],"wp:attachment":[{"href":"https:\/\/jokelanomakotiyhdistys.fi\/index.php?rest_route=%2Fwp%2Fv2%2Fmedia&parent=10"}],"curies":[{"name":"wp","href":"https:\/\/api.w.org\/{rel}","templated":true}]}}