{"id":142,"date":"2018-12-30T19:23:23","date_gmt":"2018-12-30T17:23:23","guid":{"rendered":"http:\/\/jokelanomakotiyhdistys.fi\/?page_id=142"},"modified":"2018-12-30T19:24:39","modified_gmt":"2018-12-30T17:24:39","slug":"hallitus-2018-2019","status":"publish","type":"page","link":"https:\/\/jokelanomakotiyhdistys.fi\/?page_id=142","title":{"rendered":"Hallitus 2018-2019"},"content":{"rendered":"\n<p>Vuoden 2018 syyskokouksessa, hallituksen kokoonpanoksi muodostui seuraava, kaudelle 2018-2019:<\/p>\n\n\n\n<table class=\"wp-block-table\"><tbody><tr><td>Puheenjohtaja:<\/td><td>Jan Enlund<\/td><td>puheenjohtaja(at)jokelanomakotiyhdistys.fi<\/td><td>040-8307178<\/td><\/tr><tr><td>Varapuheenjohtaja<\/td><td>Lasse Laaksonen<\/td><td><\/td><td><\/td><\/tr><tr><td>Sihteeri<\/td><td>Leena Haatainen<\/td><td>sihteeri(at)jokelanomakotiyhdistys.fi<\/td><td><\/td><\/tr><tr><td>Rahastonhoitaja\/<br>Lainaamovastaava<\/td><td>Harri K\u00e4m\u00e4r\u00e4inen<\/td><td>rahastonhoitaja(at)jokelanomakotiyhdistys.fi<\/td><td><\/td><\/tr><tr><td>J\u00e4senet:<\/td><td>Raimo Kosonen<\/td><td><\/td><td><\/td><\/tr><tr><td><\/td><td>Merja Tiensuu<\/td><td><\/td><td><\/td><\/tr><\/tbody><\/table>\n","protected":false},"excerpt":{"rendered":"<p>Vuoden 2018 syyskokouksessa, hallituksen kokoonpanoksi muodostui seuraava, kaudelle 2018-2019: Puheenjohtaja: Jan Enlund puheenjohtaja(at)jokelanomakotiyhdistys.fi 040-8307178 Varapuheenjohtaja Lasse Laaksonen Sihteeri Leena Haatainen&hellip;<\/p>\n","protected":false},"author":1,"featured_media":0,"parent":0,"menu_order":0,"comment_status":"closed","ping_status":"closed","template":"","meta":{"footnotes":""},"class_list":["post-142","page","type-page","status-publish","hentry"],"_links":{"self":[{"href":"https:\/\/jokelanomakotiyhdistys.fi\/index.php?rest_route=\/wp\/v2\/pages\/142","targetHints":{"allow":["GET"]}}],"collection":[{"href":"https:\/\/jokelanomakotiyhdistys.fi\/index.php?rest_route=\/wp\/v2\/pages"}],"about":[{"href":"https:\/\/jokelanomakotiyhdistys.fi\/index.php?rest_route=\/wp\/v2\/types\/page"}],"author":[{"embeddable":true,"href":"https:\/\/jokelanomakotiyhdistys.fi\/index.php?rest_route=\/wp\/v2\/users\/1"}],"replies":[{"embeddable":true,"href":"https:\/\/jokelanomakotiyhdistys.fi\/index.php?rest_route=%2Fwp%2Fv2%2Fcomments&post=142"}],"version-history":[{"count":3,"href":"https:\/\/jokelanomakotiyhdistys.fi\/index.php?rest_route=\/wp\/v2\/pages\/142\/revisions"}],"predecessor-version":[{"id":146,"href":"https:\/\/jokelanomakotiyhdistys.fi\/index.php?rest_route=\/wp\/v2\/pages\/142\/revisions\/146"}],"wp:attachment":[{"href":"https:\/\/jokelanomakotiyhdistys.fi\/index.php?rest_route=%2Fwp%2Fv2%2Fmedia&parent=142"}],"curies":[{"name":"wp","href":"https:\/\/api.w.org\/{rel}","templated":true}]}}