{"id":21,"date":"2018-02-25T12:09:24","date_gmt":"2018-02-25T10:09:24","guid":{"rendered":"http:\/\/jokelanomakotiyhdistys.fi\/?page_id=21"},"modified":"2022-05-22T12:23:38","modified_gmt":"2022-05-22T09:23:38","slug":"lainaamo","status":"publish","type":"page","link":"https:\/\/jokelanomakotiyhdistys.fi\/?page_id=21","title":{"rendered":"Lainaamo"},"content":{"rendered":"<h1>Lainaamo<\/h1>\n<p>Jokelan omakotiyhdistyksen j\u00e4senpalvelu on ty\u00f6v\u00e4linelainaamo, josta j\u00e4sen voi lainata jyrsint\u00e4, klapikonetta, pensasleikkuria, tikkaita jne. Oheiselta sivulta l\u00f6yd\u00e4t laitteet ja niiden kuvaukset.<\/p>\n<ul>\n<li>2-tahtikoneet lainataan polttoaineen kanssa<\/li>\n<li>4-tahtikoneisiin vaaditaan k\u00e4ytt\u00e4j\u00e4n oma bensiini<\/li>\n<\/ul>\n<p>Kaikki lainaamon laitteet ovat muuttuneet 21.4.2022 maksulliseksi. Lainauksen hinta on:<\/p>\n<ul>\n<li>5 \u20ac\/laite maanantaista perjantaihin<\/li>\n<li>10 \u20ac\/laite perjantaista sunnuntaihin<\/li>\n<li>12 \u20ac\/laite\/viikko<\/li>\n<\/ul>\n<p>Lainahinnoittelun syyn\u00e4 on laitteiden huoltokulut, joita kattamaan hinnoittelu on luotu ja otettu k\u00e4ytt\u00f6\u00f6n.<\/p>\n<p>V\u00e4lineit\u00e4 voi tiedustalla lainaamosta vastaavalta Jan Enlundilta arkisin klo 16 j\u00e4lkeen.<br \/>\n(Jan Enlund, puh. 040-830 7178). Tiedustelu mieluummin s\u00e4hk\u00f6postitse osoitteeseen<br \/>\nlainaamo@jokelanomakotiyhdistys.fi<\/p>\n<table style=\"width: 90.9049%; height: 3636px;\">\n<tbody>\n<tr style=\"height: 351px;\">\n<td style=\"width: 582px; height: 351px;\"><strong>Halkoma\/klapikone<\/strong><\/p>\n<ul>\n<li>Toimii 7 tonnin ty\u00f6nt\u00f6voimalla<img fetchpriority=\"high\" decoding=\"async\" class=\"alignright wp-image-24 size-medium\" src=\"http:\/\/jokelanomakotiyhdistys.fi\/wp-content\/uploads\/2018\/02\/halkoja-300x225.jpg\" alt=\"\" width=\"300\" height=\"225\" srcset=\"https:\/\/jokelanomakotiyhdistys.fi\/wp-content\/uploads\/2018\/02\/halkoja-300x225.jpg 300w, https:\/\/jokelanomakotiyhdistys.fi\/wp-content\/uploads\/2018\/02\/halkoja-768x576.jpg 768w, https:\/\/jokelanomakotiyhdistys.fi\/wp-content\/uploads\/2018\/02\/halkoja-650x488.jpg 650w, https:\/\/jokelanomakotiyhdistys.fi\/wp-content\/uploads\/2018\/02\/halkoja.jpg 800w\" sizes=\"(max-width: 300px) 100vw, 300px\" \/><\/li>\n<li>Paino noin 80kg<\/li>\n<li><\/li>\n<li>Pituus: 110cm<\/li>\n<li>Leveys: 28 cm<\/li>\n<li>Korkeus: 53 cm<\/li>\n<li>S\u00e4hk\u00f6k\u00e4ytt\u00f6inen, 230V<\/li>\n<\/ul>\n<\/td>\n<\/tr>\n<tr style=\"height: 532px;\">\n<td style=\"width: 582px; height: 532px;\"><img decoding=\"async\" class=\"alignleft wp-image-28 size-medium\" src=\"http:\/\/jokelanomakotiyhdistys.fi\/wp-content\/uploads\/2018\/02\/monitoim-300x225.jpg\" alt=\"\" width=\"300\" height=\"225\" srcset=\"https:\/\/jokelanomakotiyhdistys.fi\/wp-content\/uploads\/2018\/02\/monitoim-300x225.jpg 300w, https:\/\/jokelanomakotiyhdistys.fi\/wp-content\/uploads\/2018\/02\/monitoim-768x576.jpg 768w, https:\/\/jokelanomakotiyhdistys.fi\/wp-content\/uploads\/2018\/02\/monitoim-650x488.jpg 650w, https:\/\/jokelanomakotiyhdistys.fi\/wp-content\/uploads\/2018\/02\/monitoim.jpg 800w\" sizes=\"(max-width: 300px) 100vw, 300px\" \/><strong>Stihl monitoimikone<\/strong><\/p>\n<ul>\n<li>Moottorisahap\u00e4\u00e4, tarvittaessa jatkovarrella<\/li>\n<\/ul>\n<p>Samaan moottoriosuuteen liitett\u00e4viss\u00e4 seuraavat varusteet:<\/p>\n<ul>\n<li>Pensasleikkurip\u00e4\u00e4, tarvittaessa jatkovarrella<\/li>\n<li>Yll\u00e4mainittujen jatkovarsien kanssa on syyt\u00e4 k\u00e4ytt\u00e4\u00e4 kantovaljasta, jossa moottoriosa lep\u00e4\u00e4 tuettuna<\/li>\n<li>Puutarhajyrsinp\u00e4\u00e4, riitt\u00e4\u00e4 kasvimaan jyrsimiseen<br \/>\nLehtipuhallin<\/li>\n<li>Siimaleikkuri<\/li>\n<li>Lis\u00e4varuste yhdistetty silm\u00e4suojusverkko\/kuulosuojaimet kuuluu my\u00f6s laitteistoon<\/li>\n<li>2-tahtibensiini<\/li>\n<\/ul>\n<\/td>\n<\/tr>\n<tr style=\"height: 241px;\">\n<td style=\"width: 582px; height: 241px;\"><img decoding=\"async\" class=\"wp-image-29 size-medium alignleft\" src=\"http:\/\/jokelanomakotiyhdistys.fi\/wp-content\/uploads\/2018\/02\/pensasleik-300x225.jpg\" alt=\"\" width=\"300\" height=\"225\" srcset=\"https:\/\/jokelanomakotiyhdistys.fi\/wp-content\/uploads\/2018\/02\/pensasleik-300x225.jpg 300w, https:\/\/jokelanomakotiyhdistys.fi\/wp-content\/uploads\/2018\/02\/pensasleik-768x576.jpg 768w, https:\/\/jokelanomakotiyhdistys.fi\/wp-content\/uploads\/2018\/02\/pensasleik-650x488.jpg 650w, https:\/\/jokelanomakotiyhdistys.fi\/wp-content\/uploads\/2018\/02\/pensasleik.jpg 800w\" sizes=\"(max-width: 300px) 100vw, 300px\" \/><\/p>\n<p><span style=\"font-family: inherit; font-size: inherit;\">Pensasleikkuri Dolmar<\/span><\/p>\n<ul>\n<li>ter\u00e4n pituus 60 cm<\/li>\n<\/ul>\n<\/td>\n<\/tr>\n<tr style=\"height: 639px;\">\n<td style=\"width: 582px; height: 639px;\"><strong>K\u00e4rcher painepesuriin putken\/viem\u00e4rin aukaisuletku<\/strong><\/p>\n<p><img loading=\"lazy\" decoding=\"async\" class=\"wp-image-27 size-medium alignnone\" src=\"http:\/\/jokelanomakotiyhdistys.fi\/wp-content\/uploads\/2018\/02\/letku-300x300.jpg\" alt=\"\" width=\"300\" height=\"300\" srcset=\"https:\/\/jokelanomakotiyhdistys.fi\/wp-content\/uploads\/2018\/02\/letku-300x300.jpg 300w, https:\/\/jokelanomakotiyhdistys.fi\/wp-content\/uploads\/2018\/02\/letku-150x150.jpg 150w, https:\/\/jokelanomakotiyhdistys.fi\/wp-content\/uploads\/2018\/02\/letku-768x768.jpg 768w, https:\/\/jokelanomakotiyhdistys.fi\/wp-content\/uploads\/2018\/02\/letku-650x650.jpg 650w, https:\/\/jokelanomakotiyhdistys.fi\/wp-content\/uploads\/2018\/02\/letku.jpg 858w\" sizes=\"(max-width: 300px) 100vw, 300px\" \/><\/p>\n<ul>\n<li>pituus 15 m<\/li>\n<li>tukosten aukaisemiseen, salaojien puhdistukseen<\/li>\n<li>sis. Nilfisk adapterin<\/li>\n<li><strong>Letku palautettava puhdistettuna, kiitos!<\/strong><\/li>\n<\/ul>\n<p>Lis\u00e4tietoja sivuilta,\u00a0<a href=\"https:\/\/www.kaercher.com\/fi\/varusteet\/putkenaukaisuletku-15-m-26377670.html\">https:\/\/www.kaercher.com\/fi\/varusteet\/putkenaukaisuletku-15-m-26377670.html<\/a><\/td>\n<\/tr>\n<tr style=\"height: 335px;\">\n<td style=\"width: 582px; height: 335px;\"><img loading=\"lazy\" decoding=\"async\" class=\"wp-image-25 size-medium alignleft\" src=\"http:\/\/jokelanomakotiyhdistys.fi\/wp-content\/uploads\/2018\/02\/jyrsin_iso-300x225.jpg\" alt=\"\" width=\"300\" height=\"225\" srcset=\"https:\/\/jokelanomakotiyhdistys.fi\/wp-content\/uploads\/2018\/02\/jyrsin_iso-300x225.jpg 300w, https:\/\/jokelanomakotiyhdistys.fi\/wp-content\/uploads\/2018\/02\/jyrsin_iso-768x576.jpg 768w, https:\/\/jokelanomakotiyhdistys.fi\/wp-content\/uploads\/2018\/02\/jyrsin_iso-650x488.jpg 650w, https:\/\/jokelanomakotiyhdistys.fi\/wp-content\/uploads\/2018\/02\/jyrsin_iso.jpg 800w\" sizes=\"(max-width: 300px) 100vw, 300px\" \/><strong>Puutarhajyrsin &#8211; Ei saatavilla, uusi hankinnassa<\/strong><\/p>\n<ul>\n<li>Paino 60 kg<\/li>\n<li>Korkeus 117 cm<\/li>\n<li>Leveys 60 cm<\/li>\n<li>Pituus 100 cm<\/li>\n<li>Kuljetukseen tarvitset pakettiauton tai per\u00e4k\u00e4rryn.<\/li>\n<\/ul>\n<p style=\"text-align: right;\"><strong>Palautus pestyn\u00e4, kiitos!<\/strong><\/p>\n<\/td>\n<\/tr>\n<tr style=\"height: 163px;\">\n<td style=\"width: 582px; height: 163px;\">Oksasilppuri<\/p>\n<ul>\n<li>kookas, 120 kg painava oksasilppuri<\/li>\n<li>9hv 4-tahti bensiinimoottori<\/li>\n<li>sopii isommille oksille<\/li>\n<\/ul>\n<\/td>\n<\/tr>\n<tr style=\"height: 322px;\">\n<td style=\"width: 582px; height: 322px;\"><strong>Oksasilppuri Klippo &#8211; Ei saatavilla, uusi hankinnassa<\/strong><\/p>\n<p><img loading=\"lazy\" decoding=\"async\" class=\"wp-image-32 size-medium alignright\" src=\"http:\/\/jokelanomakotiyhdistys.fi\/wp-content\/uploads\/2018\/02\/silppuri-300x225.jpg\" alt=\"\" width=\"300\" height=\"225\" srcset=\"https:\/\/jokelanomakotiyhdistys.fi\/wp-content\/uploads\/2018\/02\/silppuri-300x225.jpg 300w, https:\/\/jokelanomakotiyhdistys.fi\/wp-content\/uploads\/2018\/02\/silppuri-768x576.jpg 768w, https:\/\/jokelanomakotiyhdistys.fi\/wp-content\/uploads\/2018\/02\/silppuri-650x488.jpg 650w, https:\/\/jokelanomakotiyhdistys.fi\/wp-content\/uploads\/2018\/02\/silppuri.jpg 800w\" sizes=\"(max-width: 300px) 100vw, 300px\" \/><\/p>\n<ul>\n<li>Suhteellisen kevyt<\/li>\n<li>Kuljetuskorkeus sy\u00f6tt\u00f6torvi kiinnitettyn\u00e4 134 cm<br \/>\nIlman sy\u00f6tt\u00f6torvea 95 cm<\/li>\n<li>Pituus 80 cm<\/li>\n<li>leveys 48<\/li>\n<li>4-tahtibensiini<\/li>\n<\/ul>\n<\/td>\n<\/tr>\n<tr style=\"height: 347px;\">\n<td style=\"width: 582px; height: 347px;\"><strong>R\u00e4nninpesurobotti iRobot<\/strong><\/p>\n<p><img loading=\"lazy\" decoding=\"async\" class=\"wp-image-31 size-medium alignright\" src=\"http:\/\/jokelanomakotiyhdistys.fi\/wp-content\/uploads\/2018\/02\/robotti-300x250.jpg\" alt=\"\" width=\"300\" height=\"250\" srcset=\"https:\/\/jokelanomakotiyhdistys.fi\/wp-content\/uploads\/2018\/02\/robotti-300x250.jpg 300w, https:\/\/jokelanomakotiyhdistys.fi\/wp-content\/uploads\/2018\/02\/robotti.jpg 500w\" sizes=\"(max-width: 300px) 100vw, 300px\" \/><\/p>\n<ul>\n<li>R\u00e4nnien automaattiseen puhdistukseen<\/li>\n<\/ul>\n<p>Lis\u00e4tietoja,\u00a0<a href=\"http:\/\/store.irobot.com\/default\/looj-gutter-cleaning\/irobot-looj-330\/L330020.html\">http:\/\/store.irobot.com\/default\/looj-gutter-cleaning\/irobot-looj-330\/L330020.html<\/a><\/td>\n<\/tr>\n<tr style=\"height: 228px;\">\n<td style=\"width: 582px; height: 228px;\"><strong>Sammaleenpoistaja<\/strong><\/p>\n<ul>\n<li>Sammaleen poistoon nurmikoilta<\/li>\n<li>Repii sammalmaton irti alustasta<\/li>\n<li>4-tahtibensiini<\/li>\n<\/ul>\n<p><strong>Palautettava puhdistettuna, kiitos!<\/strong><\/td>\n<\/tr>\n<tr style=\"height: 478px;\">\n<td style=\"width: 582px; height: 478px;\"><strong>Muita lainattavia v\u00e4lineit\u00e4<\/strong><\/p>\n<p><strong>Jatkotikkaat<\/strong><\/p>\n<ul>\n<li>Pituus lyhyen\u00e4 5 m<\/li>\n<li>Pidennettyn\u00e4 8,5 metri\u00e4<\/li>\n<li>Kuljetus auton katolla tai per\u00e4k\u00e4rryss\u00e4 varoitusliinan kanssa<\/li>\n<\/ul>\n<p><strong>Huom!<\/strong> Tikkaat raskaat liikutella pidennettyn\u00e4. Huomioi my\u00f6s ty\u00f6turvallisuus!<\/p>\n<p><strong>Monitoimitikkaat<\/strong><\/p>\n<ul>\n<li>Kokoontaitettuna pituus 1,3 metri\u00e4<\/li>\n<li>A-tikkaana 2,3 metri\u00e4<\/li>\n<li>Ty\u00f6tasona 1,3 metri\u00e4<\/li>\n<li>Suorana 4,8 metri\u00e4<\/li>\n<\/ul>\n<\/td>\n<\/tr>\n<\/tbody>\n<\/table>\n","protected":false},"excerpt":{"rendered":"<p>Lainaamo Jokelan omakotiyhdistyksen j\u00e4senpalvelu on ty\u00f6v\u00e4linelainaamo, josta j\u00e4sen voi lainata jyrsint\u00e4, klapikonetta, pensasleikkuria, tikkaita jne. Oheiselta sivulta l\u00f6yd\u00e4t laitteet ja&hellip;<\/p>\n","protected":false},"author":1,"featured_media":0,"parent":0,"menu_order":0,"comment_status":"closed","ping_status":"closed","template":"","meta":{"footnotes":""},"class_list":["post-21","page","type-page","status-publish","hentry"],"_links":{"self":[{"href":"https:\/\/jokelanomakotiyhdistys.fi\/index.php?rest_route=\/wp\/v2\/pages\/21","targetHints":{"allow":["GET"]}}],"collection":[{"href":"https:\/\/jokelanomakotiyhdistys.fi\/index.php?rest_route=\/wp\/v2\/pages"}],"about":[{"href":"https:\/\/jokelanomakotiyhdistys.fi\/index.php?rest_route=\/wp\/v2\/types\/page"}],"author":[{"embeddable":true,"href":"https:\/\/jokelanomakotiyhdistys.fi\/index.php?rest_route=\/wp\/v2\/users\/1"}],"replies":[{"embeddable":true,"href":"https:\/\/jokelanomakotiyhdistys.fi\/index.php?rest_route=%2Fwp%2Fv2%2Fcomments&post=21"}],"version-history":[{"count":13,"href":"https:\/\/jokelanomakotiyhdistys.fi\/index.php?rest_route=\/wp\/v2\/pages\/21\/revisions"}],"predecessor-version":[{"id":361,"href":"https:\/\/jokelanomakotiyhdistys.fi\/index.php?rest_route=\/wp\/v2\/pages\/21\/revisions\/361"}],"wp:attachment":[{"href":"https:\/\/jokelanomakotiyhdistys.fi\/index.php?rest_route=%2Fwp%2Fv2%2Fmedia&parent=21"}],"curies":[{"name":"wp","href":"https:\/\/api.w.org\/{rel}","templated":true}]}}