{"id":293,"date":"2021-09-06T16:28:52","date_gmt":"2021-09-06T13:28:52","guid":{"rendered":"https:\/\/jokelanomakotiyhdistys.fi\/?page_id=293"},"modified":"2021-09-06T16:28:53","modified_gmt":"2021-09-06T13:28:53","slug":"hallitus-2020-2021","status":"publish","type":"page","link":"https:\/\/jokelanomakotiyhdistys.fi\/?page_id=293","title":{"rendered":"Hallitus 2020-2021"},"content":{"rendered":"\n<p>Vuosikokouksen ja j\u00e4rjest\u00e4ytymiskokouksen j\u00e4lkeen hallituksen rakenne on seuraava:<\/p>\n<table style=\"border-collapse: collapse; width: 100%; height: 115px;\">\n<tbody>\n<tr style=\"height: 23px;\">\n<td style=\"width: 50%; height: 23px;\">Puheenjohtaja<\/td>\n<td style=\"width: 50%; height: 23px;\">Jan Enlund<\/td>\n<\/tr>\n<tr style=\"height: 23px;\">\n<td style=\"width: 50%; height: 23px;\">Sihteeri, varapuheenjohtaja<\/td>\n<td style=\"width: 50%; height: 23px;\">Raimo Kosonen<\/td>\n<\/tr>\n<tr style=\"height: 23px;\">\n<td style=\"width: 50%; height: 23px;\">J\u00e4senhankkija<\/td>\n<td style=\"width: 50%; height: 23px;\">Juha Saarim\u00e4ki<\/td>\n<\/tr>\n<tr style=\"height: 23px;\">\n<td style=\"width: 50%; height: 23px;\">Rahastonhoitaja, lainaamovastaava<\/td>\n<td style=\"width: 50%; height: 23px;\">Harri K\u00e4m\u00e4r\u00e4inen<\/td>\n<\/tr>\n<tr style=\"height: 23px;\">\n<td style=\"width: 50%; height: 23px;\">Hallituksen j\u00e4sen<\/td>\n<td style=\"width: 50%; height: 23px;\">\n<p>Leena Haatainen<br \/>Tomas Nylund<\/p>\n<\/td>\n<\/tr>\n<\/tbody>\n<\/table>\n","protected":false},"excerpt":{"rendered":"","protected":false},"author":1,"featured_media":0,"parent":0,"menu_order":0,"comment_status":"closed","ping_status":"closed","template":"","meta":{"footnotes":""},"class_list":["post-293","page","type-page","status-publish","hentry"],"_links":{"self":[{"href":"https:\/\/jokelanomakotiyhdistys.fi\/index.php?rest_route=\/wp\/v2\/pages\/293","targetHints":{"allow":["GET"]}}],"collection":[{"href":"https:\/\/jokelanomakotiyhdistys.fi\/index.php?rest_route=\/wp\/v2\/pages"}],"about":[{"href":"https:\/\/jokelanomakotiyhdistys.fi\/index.php?rest_route=\/wp\/v2\/types\/page"}],"author":[{"embeddable":true,"href":"https:\/\/jokelanomakotiyhdistys.fi\/index.php?rest_route=\/wp\/v2\/users\/1"}],"replies":[{"embeddable":true,"href":"https:\/\/jokelanomakotiyhdistys.fi\/index.php?rest_route=%2Fwp%2Fv2%2Fcomments&post=293"}],"version-history":[{"count":1,"href":"https:\/\/jokelanomakotiyhdistys.fi\/index.php?rest_route=\/wp\/v2\/pages\/293\/revisions"}],"predecessor-version":[{"id":295,"href":"https:\/\/jokelanomakotiyhdistys.fi\/index.php?rest_route=\/wp\/v2\/pages\/293\/revisions\/295"}],"wp:attachment":[{"href":"https:\/\/jokelanomakotiyhdistys.fi\/index.php?rest_route=%2Fwp%2Fv2%2Fmedia&parent=293"}],"curies":[{"name":"wp","href":"https:\/\/api.w.org\/{rel}","templated":true}]}}