{"id":352,"date":"2022-05-09T16:12:37","date_gmt":"2022-05-09T13:12:37","guid":{"rendered":"https:\/\/jokelanomakotiyhdistys.fi\/?page_id=352"},"modified":"2022-05-09T16:12:38","modified_gmt":"2022-05-09T13:12:38","slug":"hallitukset","status":"publish","type":"page","link":"https:\/\/jokelanomakotiyhdistys.fi\/?page_id=352","title":{"rendered":"Hallitukset"},"content":{"rendered":"\n<p>Hallitukset ja niiden j\u00e4senet l\u00f6ytyv\u00e4t n\u00e4ilt\u00e4 alisivuilta<\/p>\n","protected":false},"excerpt":{"rendered":"","protected":false},"author":2,"featured_media":0,"parent":0,"menu_order":0,"comment_status":"closed","ping_status":"closed","template":"","meta":{"footnotes":""},"class_list":["post-352","page","type-page","status-publish","hentry"],"_links":{"self":[{"href":"https:\/\/jokelanomakotiyhdistys.fi\/index.php?rest_route=\/wp\/v2\/pages\/352","targetHints":{"allow":["GET"]}}],"collection":[{"href":"https:\/\/jokelanomakotiyhdistys.fi\/index.php?rest_route=\/wp\/v2\/pages"}],"about":[{"href":"https:\/\/jokelanomakotiyhdistys.fi\/index.php?rest_route=\/wp\/v2\/types\/page"}],"author":[{"embeddable":true,"href":"https:\/\/jokelanomakotiyhdistys.fi\/index.php?rest_route=\/wp\/v2\/users\/2"}],"replies":[{"embeddable":true,"href":"https:\/\/jokelanomakotiyhdistys.fi\/index.php?rest_route=%2Fwp%2Fv2%2Fcomments&post=352"}],"version-history":[{"count":1,"href":"https:\/\/jokelanomakotiyhdistys.fi\/index.php?rest_route=\/wp\/v2\/pages\/352\/revisions"}],"predecessor-version":[{"id":354,"href":"https:\/\/jokelanomakotiyhdistys.fi\/index.php?rest_route=\/wp\/v2\/pages\/352\/revisions\/354"}],"wp:attachment":[{"href":"https:\/\/jokelanomakotiyhdistys.fi\/index.php?rest_route=%2Fwp%2Fv2%2Fmedia&parent=352"}],"curies":[{"name":"wp","href":"https:\/\/api.w.org\/{rel}","templated":true}]}}