{"id":394,"date":"2022-11-06T19:55:07","date_gmt":"2022-11-06T17:55:07","guid":{"rendered":"https:\/\/jokelanomakotiyhdistys.fi\/?page_id=394"},"modified":"2022-11-06T19:55:07","modified_gmt":"2022-11-06T17:55:07","slug":"hallitus-2022-2023","status":"publish","type":"page","link":"https:\/\/jokelanomakotiyhdistys.fi\/?page_id=394","title":{"rendered":"Hallitus 2022-2023"},"content":{"rendered":"\n\n\n<p><\/p>\n<p>Syyskokouksen 2022 ja j\u00e4rjest\u00e4ytymiskokoukset j\u00e4lkeen hallituksen kokoonpano on seuraava:<\/p>\n<table>\n<tbody>\n<tr>\n<td>Puheenjohtaja<\/td>\n<td>Jan Enlund<\/td>\n<\/tr>\n<tr>\n<td>Varapuheenjohtaja, rahastonhoitaja<\/td>\n<td>\u00a0<\/td>\n<\/tr>\n<tr>\n<td>Sihteeri<\/td>\n<td>\u00a0<\/td>\n<\/tr>\n<tr>\n<td>Hallituksen j\u00e4sen<\/td>\n<td>\u00a0<\/td>\n<\/tr>\n<tr>\n<td>\u00a0<\/td>\n<td>\u00a0<\/td>\n<\/tr>\n<\/tbody>\n<\/table>\n<p><\/p>\n","protected":false},"excerpt":{"rendered":"","protected":false},"author":1,"featured_media":0,"parent":0,"menu_order":0,"comment_status":"closed","ping_status":"closed","template":"","meta":{"footnotes":""},"class_list":["post-394","page","type-page","status-publish","hentry"],"_links":{"self":[{"href":"https:\/\/jokelanomakotiyhdistys.fi\/index.php?rest_route=\/wp\/v2\/pages\/394","targetHints":{"allow":["GET"]}}],"collection":[{"href":"https:\/\/jokelanomakotiyhdistys.fi\/index.php?rest_route=\/wp\/v2\/pages"}],"about":[{"href":"https:\/\/jokelanomakotiyhdistys.fi\/index.php?rest_route=\/wp\/v2\/types\/page"}],"author":[{"embeddable":true,"href":"https:\/\/jokelanomakotiyhdistys.fi\/index.php?rest_route=\/wp\/v2\/users\/1"}],"replies":[{"embeddable":true,"href":"https:\/\/jokelanomakotiyhdistys.fi\/index.php?rest_route=%2Fwp%2Fv2%2Fcomments&post=394"}],"version-history":[{"count":1,"href":"https:\/\/jokelanomakotiyhdistys.fi\/index.php?rest_route=\/wp\/v2\/pages\/394\/revisions"}],"predecessor-version":[{"id":396,"href":"https:\/\/jokelanomakotiyhdistys.fi\/index.php?rest_route=\/wp\/v2\/pages\/394\/revisions\/396"}],"wp:attachment":[{"href":"https:\/\/jokelanomakotiyhdistys.fi\/index.php?rest_route=%2Fwp%2Fv2%2Fmedia&parent=394"}],"curies":[{"name":"wp","href":"https:\/\/api.w.org\/{rel}","templated":true}]}}