{"id":460,"date":"2023-11-26T11:56:03","date_gmt":"2023-11-26T09:56:03","guid":{"rendered":"https:\/\/jokelanomakotiyhdistys.fi\/?page_id=460"},"modified":"2023-11-26T11:56:03","modified_gmt":"2023-11-26T09:56:03","slug":"hallitus-2023-2024","status":"publish","type":"page","link":"https:\/\/jokelanomakotiyhdistys.fi\/?page_id=460","title":{"rendered":"Hallitus 2023-2024"},"content":{"rendered":"\n<p>Syyskokouksen 2022 ja j\u00e4rjest\u00e4ytymiskokoukset j\u00e4lkeen hallituksen kokoonpano on seuraava:<\/p>\n\n\n\n<figure class=\"wp-block-table\"><table><tbody><tr><td>Puheenjohtaja<\/td><td>Jan Enlund<\/td><\/tr><tr><td>Varapuheenjohtaja, rahastonhoitaja<\/td><td>\u00a0Raimo Kosonen<\/td><\/tr><tr><td>Sihteeri<\/td><td>\u00a0Elina Kolehmainen<\/td><\/tr><tr><td>Hallituksen j\u00e4sen<\/td><td>\u00a0Tiina Remes<\/td><\/tr><tr><td>&nbsp;<\/td><td>\u00a0Raimo Karhu<\/td><\/tr><tr><td><\/td><td>Leena Haatainen<\/td><\/tr><tr><td><\/td><td>Erkki Yl\u00e4-Korpi<\/td><\/tr><tr><td>Lainapalveluvastaava<\/td><td>Tomas Nylund<\/td><\/tr><tr><td>Facebook-vastaava<\/td><td>Jan Enlund, Elina Kolehmainen, Tiina Remes<\/td><\/tr><\/tbody><\/table><\/figure>\n","protected":false},"excerpt":{"rendered":"<p>Syyskokouksen 2022 ja j\u00e4rjest\u00e4ytymiskokoukset j\u00e4lkeen hallituksen kokoonpano on seuraava: Puheenjohtaja Jan Enlund Varapuheenjohtaja, rahastonhoitaja \u00a0Raimo Kosonen Sihteeri \u00a0Elina Kolehmainen Hallituksen&hellip;<\/p>\n","protected":false},"author":2,"featured_media":0,"parent":0,"menu_order":0,"comment_status":"closed","ping_status":"closed","template":"","meta":{"footnotes":""},"class_list":["post-460","page","type-page","status-publish","hentry"],"_links":{"self":[{"href":"https:\/\/jokelanomakotiyhdistys.fi\/index.php?rest_route=\/wp\/v2\/pages\/460","targetHints":{"allow":["GET"]}}],"collection":[{"href":"https:\/\/jokelanomakotiyhdistys.fi\/index.php?rest_route=\/wp\/v2\/pages"}],"about":[{"href":"https:\/\/jokelanomakotiyhdistys.fi\/index.php?rest_route=\/wp\/v2\/types\/page"}],"author":[{"embeddable":true,"href":"https:\/\/jokelanomakotiyhdistys.fi\/index.php?rest_route=\/wp\/v2\/users\/2"}],"replies":[{"embeddable":true,"href":"https:\/\/jokelanomakotiyhdistys.fi\/index.php?rest_route=%2Fwp%2Fv2%2Fcomments&post=460"}],"version-history":[{"count":2,"href":"https:\/\/jokelanomakotiyhdistys.fi\/index.php?rest_route=\/wp\/v2\/pages\/460\/revisions"}],"predecessor-version":[{"id":463,"href":"https:\/\/jokelanomakotiyhdistys.fi\/index.php?rest_route=\/wp\/v2\/pages\/460\/revisions\/463"}],"wp:attachment":[{"href":"https:\/\/jokelanomakotiyhdistys.fi\/index.php?rest_route=%2Fwp%2Fv2%2Fmedia&parent=460"}],"curies":[{"name":"wp","href":"https:\/\/api.w.org\/{rel}","templated":true}]}}